{"id":8,"date":"2026-01-05T16:18:34","date_gmt":"2026-01-05T16:18:34","guid":{"rendered":"https:\/\/sjrelectric.hu\/?page_id=8"},"modified":"2026-03-06T12:01:17","modified_gmt":"2026-03-06T12:01:17","slug":"villanyszereles-erd-es-tersegeben","status":"publish","type":"page","link":"https:\/\/sjrelectric.hu\/","title":{"rendered":"Villanyszerel\u00e9s \u00c9rd \u00e9s t\u00e9rs\u00e9g\u00e9ben"},"content":{"rendered":"\n<p><\/p>\n\n\n\n<div class=\"wp-block-group is-layout-constrained wp-block-group-is-layout-constrained\"><h1 class=\"wp-block-post-title\">Villanyszerel\u00e9s \u00c9rd \u00e9s t\u00e9rs\u00e9g\u00e9ben<\/h1>\n\n\n<p>Kisebb villanyszerel\u00e9si munk\u00e1k r\u00f6vid hat\u00e1rid\u0151vel, szakszer\u0171 kivitelez\u00e9ssel<\/p>\n<\/div>\n\n\n\n<div class=\"wp-block-group is-layout-constrained wp-block-group-is-layout-constrained\">\n<h2 class=\"wp-block-heading\">Villanyszerel\u00e9si szolg\u00e1ltat\u00e1sok<\/h2>\n\n\n\n<ul class=\"wp-block-list\">\n<li>Villanyszerel\u00e9s<\/li>\n\n\n\n<li>\u00daj villamosh\u00e1l\u00f3zat ki\u00e9p\u00edt\u00e9se<\/li>\n\n\n\n<li>Villamos h\u00e1l\u00f3zat fel\u00faj\u00edt\u00e1sa<\/li>\n\n\n\n<li>Lakoss\u00e1gi villanyszerel\u00e9s<\/li>\n\n\n\n<li>Vezet\u00e9k csere<\/li>\n\n\n\n<li>Lak\u00e1s villanyszerel\u00e9s<\/li>\n\n\n\n<li>\u00daj h\u00e1l\u00f3zat bek\u00f6t\u00e9se<\/li>\n\n\n\n<li>Elektromos f\u0151z\u0151lap bek\u00f6t\u00e9s<\/li>\n\n\n\n<li>H\u00e1ztart\u00e1si g\u00e9pek bek\u00f6t\u00e9se<\/li>\n\n\n\n<li>Lak\u00e1s biztos\u00edt\u00e9kt\u00e1bla csere<\/li>\n\n\n\n<li>\u00c1ramv\u00e9d\u0151 kapcsol\u00f3, Fi rel\u00e9 be\u00e9p\u00edt\u00e9s<\/li>\n\n\n\n<li>Lak\u00e1seloszt\u00f3 csere<\/li>\n\n\n\n<li>Hibakeres\u00e9s<\/li>\n\n\n\n<li>L\u00e1mp\u00e1k, kapcsol\u00f3k dugaljak, konnektorok ki\u00e9p\u00edt\u00e9se, cser\u00e9je, \u00e1thelyez\u00e9se<\/li>\n\n\n\n<li>LED szalagok \u00e9s LED l\u00e1mp\u00e1k ki\u00e9p\u00edt\u00e9se<\/li>\n\n\n\n<li>Okos megold\u00e1sok, okos \u00e9s okos\u00edtott otthonok<\/li>\n\n\n\n<li>Shelly<\/li>\n\n\n\n<li>Egy\u00e9b villanyszerel\u00e9si munk\u00e1latok<\/li>\n<\/ul>\n<\/div>\n\n\n\n<div class=\"wp-block-group is-layout-constrained wp-block-group-is-layout-constrained\">\n<h3 class=\"wp-block-heading\">R\u00f3lunk<\/h3>\n\n\n\n<p>Kisebb villanyszerel\u00e9si munk\u00e1k szakszer\u0171 kivitelez\u00e9s\u00e9t, r\u00f6vid hat\u00e1rid\u0151vel v\u00e1llalom!<\/p>\n\n\n\n<p>V\u00e1llalkoz\u00e1som 2025 ben alakult.<\/p>\n\n\n\n<p>T\u00f6bb \u00e9v villanyszerel\u00e9si tapasztalattal rendelkezem lakoss\u00e1gi \u00e9s ipari ter\u00fcleten is.<\/p>\n<\/div>\n\n\n\n<div class=\"wp-block-group is-layout-constrained wp-block-group-is-layout-constrained\">\n<h3 class=\"wp-block-heading\">Ha villanyszerel\u00e9s, mi\u00e9rt az SJR Electric?<\/h3>\n\n\n\n<p>Gyors kisz\u00e1ll\u00e1s<\/p>\n\n\n\n<p>R\u00f6vid hat\u00e1rid\u0151<\/p>\n\n\n\n<p>Prec\u00edz, szabv\u00e1nyos kivitelez\u00e9s<\/p>\n\n\n\n<p>Helyi villanyszerel\u0151 \u00c9rden<\/p>\n<\/div>\n\n\n\n<div class=\"wp-block-group is-layout-constrained wp-block-group-is-layout-constrained\"><h4 class=\"wp-block-post-title\">Villanyszerel\u00e9s \u00c9rd \u00e9s t\u00e9rs\u00e9g\u00e9ben<\/h4>\n\n\n<p><strong>\u00c9rd \u2013 Di\u00f3sd \u2013 T\u00e1rnok \u2013 Buda\u00f6rs &#8211; T\u00f6r\u00f6kb\u00e1lint<\/strong> <\/p>\n\n\n\n<p>\ud83d\udc49 Ingyenes felm\u00e9r\u00e9s a t\u00e9rs\u00e9gben<\/p>\n<\/div>\n\n\n\n<div class=\"wp-block-group is-layout-constrained wp-block-group-is-layout-constrained\">\n<p>Ha villanyszerel\u0151t keres Budapest, \u00c9rd, Buda\u00f6rs \u00e9s k\u00f6rny\u00e9k\u00e9n.<\/p>\n<\/div>\n\n\n\n<div class=\"wp-block-group is-layout-constrained wp-block-group-is-layout-constrained\">\n<p><strong>Kapcsolat:<\/strong><\/p>\n\n\n\n<p>\ud83d\udcde <strong><a href=\"tel:+36301250876\">+36 30 1250876<\/a>\n<\/strong><br>\u2709\ufe0f <strong><a><\/a><a href=\"mailto:info@sjrelectric.hu\">info@sjrelectric.hu<\/a>\n<\/strong><br>\ud83d\udccd Telephely: \u00c9rd<\/p>\n<\/div>\n\n\n\n\n\n<p><\/p>\n","protected":false},"excerpt":{"rendered":"<p>Kisebb villanyszerel\u00e9si munk\u00e1k r\u00f6vid hat\u00e1rid\u0151vel, szakszer\u0171 kivitelez\u00e9ssel Villanyszerel\u00e9si szolg\u00e1ltat\u00e1sok R\u00f3lunk Kisebb villanyszerel\u00e9si munk\u00e1k szakszer\u0171 kivitelez\u00e9s\u00e9t, r\u00f6vid hat\u00e1rid\u0151vel v\u00e1llalom! V\u00e1llalkoz\u00e1som 2025 [&hellip;]<\/p>\n","protected":false},"author":1,"featured_media":42,"parent":0,"menu_order":0,"comment_status":"closed","ping_status":"closed","template":"","meta":{"site-sidebar-layout":"default","site-content-layout":"","ast-site-content-layout":"default","site-content-style":"default","site-sidebar-style":"default","ast-global-header-display":"","ast-banner-title-visibility":"","ast-main-header-display":"","ast-hfb-above-header-display":"","ast-hfb-below-header-display":"","ast-hfb-mobile-header-display":"","site-post-title":"disabled","ast-breadcrumbs-content":"","ast-featured-img":"","footer-sml-layout":"","ast-disable-related-posts":"","theme-transparent-header-meta":"","adv-header-id-meta":"","stick-header-meta":"","header-above-stick-meta":"","header-main-stick-meta":"","header-below-stick-meta":"","astra-migrate-meta-layouts":"default","ast-page-background-enabled":"default","ast-page-background-meta":{"desktop":{"background-color":"var(--ast-global-color-5)","background-image":"","background-repeat":"repeat","background-position":"center center","background-size":"auto","background-attachment":"scroll","background-type":"","background-media":"","overlay-type":"","overlay-color":"","overlay-opacity":"","overlay-gradient":""},"tablet":{"background-color":"","background-image":"","background-repeat":"repeat","background-position":"center center","background-size":"auto","background-attachment":"scroll","background-type":"","background-media":"","overlay-type":"","overlay-color":"","overlay-opacity":"","overlay-gradient":""},"mobile":{"background-color":"","background-image":"","background-repeat":"repeat","background-position":"center center","background-size":"auto","background-attachment":"scroll","background-type":"","background-media":"","overlay-type":"","overlay-color":"","overlay-opacity":"","overlay-gradient":""}},"ast-content-background-meta":{"desktop":{"background-color":"var(--ast-global-color-4)","background-image":"","background-repeat":"repeat","background-position":"center center","background-size":"auto","background-attachment":"scroll","background-type":"","background-media":"","overlay-type":"","overlay-color":"","overlay-opacity":"","overlay-gradient":""},"tablet":{"background-color":"var(--ast-global-color-4)","background-image":"","background-repeat":"repeat","background-position":"center center","background-size":"auto","background-attachment":"scroll","background-type":"","background-media":"","overlay-type":"","overlay-color":"","overlay-opacity":"","overlay-gradient":""},"mobile":{"background-color":"var(--ast-global-color-4)","background-image":"","background-repeat":"repeat","background-position":"center center","background-size":"auto","background-attachment":"scroll","background-type":"","background-media":"","overlay-type":"","overlay-color":"","overlay-opacity":"","overlay-gradient":""}},"footnotes":""},"class_list":["post-8","page","type-page","status-publish","has-post-thumbnail","hentry"],"_links":{"self":[{"href":"https:\/\/sjrelectric.hu\/index.php?rest_route=\/wp\/v2\/pages\/8","targetHints":{"allow":["GET"]}}],"collection":[{"href":"https:\/\/sjrelectric.hu\/index.php?rest_route=\/wp\/v2\/pages"}],"about":[{"href":"https:\/\/sjrelectric.hu\/index.php?rest_route=\/wp\/v2\/types\/page"}],"author":[{"embeddable":true,"href":"https:\/\/sjrelectric.hu\/index.php?rest_route=\/wp\/v2\/users\/1"}],"replies":[{"embeddable":true,"href":"https:\/\/sjrelectric.hu\/index.php?rest_route=%2Fwp%2Fv2%2Fcomments&post=8"}],"version-history":[{"count":12,"href":"https:\/\/sjrelectric.hu\/index.php?rest_route=\/wp\/v2\/pages\/8\/revisions"}],"predecessor-version":[{"id":57,"href":"https:\/\/sjrelectric.hu\/index.php?rest_route=\/wp\/v2\/pages\/8\/revisions\/57"}],"wp:featuredmedia":[{"embeddable":true,"href":"https:\/\/sjrelectric.hu\/index.php?rest_route=\/wp\/v2\/media\/42"}],"wp:attachment":[{"href":"https:\/\/sjrelectric.hu\/index.php?rest_route=%2Fwp%2Fv2%2Fmedia&parent=8"}],"curies":[{"name":"wp","href":"https:\/\/api.w.org\/{rel}","templated":true}]}}